{"id":13,"date":"2023-03-17T11:07:26","date_gmt":"2023-03-17T10:07:26","guid":{"rendered":"https:\/\/labs2.maresdedia.cat\/?page_id=13"},"modified":"2024-04-10T10:42:36","modified_gmt":"2024-04-10T09:42:36","slug":"beautiful-portfolios-for-exceptional-creatives","status":"publish","type":"page","link":"https:\/\/maresdedia.cat\/ca\/","title":{"rendered":"Qu\u00e8 \u00e9s Mares de dia, SCCL?"},"content":{"rendered":"\n<p class=\"has-text-align-center\">Mares de dia SCCL som una cooperativa de treball associat que neix a Catalunya per\u00f2 sempre a obert les portes a tots els mares i pares de dia d&#8217;altres comunitats. El nostre objectiu \u00e9s crear una base de suport laboral i legal a totes aquelles professionals que es dediquin a la cura de petits grups d&#8217;infants de 4 mesos a 3 anys dins la seva llar. D&#8217;altra banda, t\u00e9 la voluntat d&#8217;oferir aquest servei, amb totes les garanties possibles, a les fam\u00edlies que no volen o no poden portar els seus fills i filles a l&#8217;escola bressol.<\/p>\n\n\n\n<div style=\"height:55px\" aria-hidden=\"true\" class=\"wp-block-spacer\"><\/div>\n\n\n\n<div class=\"wp-block-group alignfull has-background is-layout-flow wp-block-group-is-layout-flow\" style=\"background-color:#fffdfd\">\n<div class=\"wp-block-columns column_padding is-layout-flex wp-container-core-columns-is-layout-28f84493 wp-block-columns-is-layout-flex\">\n<div class=\"wp-block-column is-vertically-aligned-center is-layout-flow wp-block-column-is-layout-flow\">\n<h2 class=\"wp-block-heading\">L\u00ednies pedag\u00f2giques<\/h2>\n\n\n\n<p>El projecte Mares de dia, SCCL aposta per una educaci\u00f3 basada en l\u2019amor i el respecte per les difer\u00e8ncies de cada infant, aix\u00ed com l\u2019acompanyament en el ritme de creixement f\u00edsic i emocional personal de cadascun d\u2019ells. La base de les llars de crian\u00e7a \u00e9s justament que els nens i nenes puguin passar els seus primers tres anys de vida en un entorn familiar, acollidor i on se sentin segurs i segures, com a casa!<\/p>\n\n\n\n<p>\u00c9s per aix\u00f2 que, tot i que des de la cooperativa es respecten les particularitats de cada llar de crian\u00e7a i les maneres de fer i desfer de cada mare de dia, es proposen unes l\u00ednies educatives basades en els principis abans apuntats.<\/p>\n\n\n\n<p>Els corrents educatius que des de la cooperativa recomanem aprofundir els pots consultar aqu\u00ed, tot i que estem treballant en l\u2019elaboraci\u00f3 d\u2019un projecte educatiu marc de la cooperativa.<\/p>\n\n\n\n<p style=\"font-size:clamp(14px, 0.875rem + ((1vw - 3.2px) * 0.104), 15px);\"><b><a rel=\"noopener\" href=\"https:\/\/labs2.maresdedia.cat\/wp-content\/uploads\/2023\/01\/linies-educatives-recomanades-des-de-mares-de-dia-sccl.pdf\" target=\"_blank\">Linies educatives recomanades des de Mares de dia SCCL<\/a><\/b><\/p>\n\n\n\n<p><\/p>\n<\/div>\n<\/div>\n<\/div>\n\n\n\n<div class=\"wp-block-group alignfull column_padding is-layout-flow wp-block-group-is-layout-flow\">\n<div class=\"wp-block-columns is-layout-flex wp-container-core-columns-is-layout-28f84493 wp-block-columns-is-layout-flex\">\n<div class=\"wp-block-column is-vertically-aligned-center is-layout-flow wp-block-column-is-layout-flow\">\n<h2 class=\"wp-block-heading\">Vols saber m\u00e9s sobre nosaltres?<\/h2>\n\n\n\n<p>Et recomanem que naveguis per tota la nostra web i si encara et queden dubtes, contacta amb nosaltres<\/p>\n\n\n\n<p><\/p>\n<\/div>\n\n\n\n<div class=\"wp-block-column is-layout-flow wp-block-column-is-layout-flow\">\n<div class=\"wp-block-buttons is-layout-flex wp-container-core-buttons-is-layout-168ce233 wp-block-buttons-is-layout-flex\"><\/div>\n\n\n\n<div style=\"height:48px\" aria-hidden=\"true\" class=\"wp-block-spacer\"><\/div>\n\n\n\n<div class=\"wp-block-buttons is-content-justification-left is-layout-flex wp-container-core-buttons-is-layout-f236198a wp-block-buttons-is-layout-flex\">\n<div class=\"wp-block-button\"><a class=\"wp-block-button__link has-background wp-element-button\" href=\"#contact\" style=\"background-color:#c161c6\">CONTACTA<\/a><\/div>\n<\/div>\n<\/div>\n<\/div>\n<\/div>\n\n\n\n<div class=\"wp-block-columns alignfull is-layout-flex wp-container-core-columns-is-layout-28f84493 wp-block-columns-is-layout-flex\">\n<div class=\"wp-block-column team-block has-background is-layout-flow wp-block-column-is-layout-flow\" style=\"background-color:#fffdfd;flex-basis:100%\">\n<h2 class=\"wp-block-heading has-text-align-center\">Aquest \u00e9s el nostre equip<\/h2>\n\n\n\n<div class=\"wp-block-columns column_padding is-layout-flex wp-container-core-columns-is-layout-28f84493 wp-block-columns-is-layout-flex\">\n<div class=\"wp-block-column is-layout-flow wp-block-column-is-layout-flow\">\n<div class=\"wp-block-columns is-layout-flex wp-container-core-columns-is-layout-28f84493 wp-block-columns-is-layout-flex\">\n<div class=\"wp-block-column is-layout-flow wp-block-column-is-layout-flow\">\n<figure class=\"wp-block-image alignright size-thumbnail is-resized is-style-rounded\"><img loading=\"lazy\" decoding=\"async\" src=\"https:\/\/maresdedia.cat\/wp-content\/uploads\/2023\/03\/ana-rudilla-1552058-150x150.jpg\" alt=\"Ana Rudilla\" class=\"wp-image-86\" style=\"width:250px;height:250px\" width=\"250\" height=\"250\"\/><\/figure>\n<\/div>\n\n\n\n<div class=\"wp-block-column is-layout-flow wp-block-column-is-layout-flow\">\n<h3 class=\"wp-block-heading\">Ana Rudilla Navarro<\/h3>\n\n\n\n<h4 class=\"wp-block-heading\">COORDINADORA, FORMADORA I ACOMPANYANT<\/h4>\n\n\n\n<p>El meu nom \u00e9s Ana Rudilla, mare d&#8217;un nen meravell\u00f3s, mare de dia, Coordinadora de la Cooperativa Mares de dia, SCCL; formadora i acompanyant pedag\u00f2gica tan de mares i pares de dia en actiu com de futures mares i pares de dia.<br>Estic titulada en Magisteri Infantil amb aprofundiment posterior en la primera etapa. Porto tota una vida dedicada a l&#8217;acompanyament de la inf\u00e0ncia en diversos sentits, des de cures i animaci\u00f3 fins a educaci\u00f3. Tamb\u00e9 estic formada en pedagogies actives, psic\u00f2loga infantil, acompanyament emocional, crian\u00e7a conscient, vincle, desenvolupament sensorial\u2026<br>I en continu creixement i formaci\u00f3.<br>Tamb\u00e9 he pogut compartir la meva professi\u00f3 al costat del meu fill en els seus primers anys de vida, sentint de m\u00e9s a prop la necessitat i creixement de la figura de mare de dia.<\/p>\n<\/div>\n<\/div>\n<\/div>\n\n\n\n<div class=\"wp-block-column is-layout-flow wp-block-column-is-layout-flow\">\n<div class=\"wp-block-columns is-layout-flex wp-container-core-columns-is-layout-28f84493 wp-block-columns-is-layout-flex\">\n<div class=\"wp-block-column is-layout-flow wp-block-column-is-layout-flow\" style=\"flex-basis:33.33%\">\n<figure class=\"wp-block-image alignright size-thumbnail is-resized is-style-rounded\"><img loading=\"lazy\" decoding=\"async\" src=\"https:\/\/maresdedia.cat\/wp-content\/uploads\/2023\/03\/Tatiana-e1679150091208-150x150.png\" alt=\"\" class=\"wp-image-88\" style=\"width:250px;height:250px\" width=\"250\" height=\"250\"\/><\/figure>\n<\/div>\n\n\n\n<div class=\"wp-block-column is-layout-flow wp-block-column-is-layout-flow\" style=\"flex-basis:55.55%\">\n<h3 class=\"wp-block-heading\">Tatiana Fernandez Gomez<\/h3>\n\n\n\n<h4 class=\"wp-block-heading\">ASSESSORA, FORMADORA I ACOMPANYANT<\/h4>\n\n\n\n<p>S\u00f3c mare i mestra d&#8217;educaci\u00f3 infantil formada en pedagogia Waldorf, acompanyament a la crian\u00e7a conscient i enfocament del desenvolupament infantil primerenc.<br>Des de sempre he tingut clara la meva vocaci\u00f3 dedicada a la petita inf\u00e0ncia, em vaig formar com a mestra d&#8217;educaci\u00f3 infantil l\u2019any 2004 i, a partir d&#8217;aqu\u00ed, vaig anar ampliant horitzons dins el m\u00f3n de la crian\u00e7a, l&#8217;educaci\u00f3 i el creixement personal. L\u2019any 2011 vaig iniciar la formaci\u00f3 Waldorf i all\u00e0 vaig descobrir la figura de la mare de dia. L\u2019any 2013, com a projecte final, em decideixo a crear la plataforma online www.lesmaresdedia.cat per tal de donar a con\u00e8ixer aquest servei emergent a Catalunya, ser un punt de trobada per a interessats i professionals i difondre la tasca pedag\u00f2gica i social que fan.<br>Actualment combino la meva tasca com a mestra amb aquest nou projecte, Mares de dia SCCL.<\/p>\n\n\n\n<ul class=\"wp-block-social-links has-normal-icon-size is-style-logos-only is-horizontal is-content-justification-left is-layout-flex wp-container-core-social-links-is-layout-dab07b9e wp-block-social-links-is-layout-flex\"><li class=\"wp-social-link wp-social-link-instagram  wp-block-social-link\"><a rel=\"noopener nofollow\" target=\"_blank\" href=\"https:\/\/www.instagram.com\/kalizdevida\/\" class=\"wp-block-social-link-anchor\"><svg width=\"24\" height=\"24\" viewBox=\"0 0 24 24\" version=\"1.1\" xmlns=\"http:\/\/www.w3.org\/2000\/svg\" aria-hidden=\"true\" focusable=\"false\"><path d=\"M12,4.622c2.403,0,2.688,0.009,3.637,0.052c0.877,0.04,1.354,0.187,1.671,0.31c0.42,0.163,0.72,0.358,1.035,0.673 c0.315,0.315,0.51,0.615,0.673,1.035c0.123,0.317,0.27,0.794,0.31,1.671c0.043,0.949,0.052,1.234,0.052,3.637 s-0.009,2.688-0.052,3.637c-0.04,0.877-0.187,1.354-0.31,1.671c-0.163,0.42-0.358,0.72-0.673,1.035 c-0.315,0.315-0.615,0.51-1.035,0.673c-0.317,0.123-0.794,0.27-1.671,0.31c-0.949,0.043-1.233,0.052-3.637,0.052 s-2.688-0.009-3.637-0.052c-0.877-0.04-1.354-0.187-1.671-0.31c-0.42-0.163-0.72-0.358-1.035-0.673 c-0.315-0.315-0.51-0.615-0.673-1.035c-0.123-0.317-0.27-0.794-0.31-1.671C4.631,14.688,4.622,14.403,4.622,12 s0.009-2.688,0.052-3.637c0.04-0.877,0.187-1.354,0.31-1.671c0.163-0.42,0.358-0.72,0.673-1.035 c0.315-0.315,0.615-0.51,1.035-0.673c0.317-0.123,0.794-0.27,1.671-0.31C9.312,4.631,9.597,4.622,12,4.622 M12,3 C9.556,3,9.249,3.01,8.289,3.054C7.331,3.098,6.677,3.25,6.105,3.472C5.513,3.702,5.011,4.01,4.511,4.511 c-0.5,0.5-0.808,1.002-1.038,1.594C3.25,6.677,3.098,7.331,3.054,8.289C3.01,9.249,3,9.556,3,12c0,2.444,0.01,2.751,0.054,3.711 c0.044,0.958,0.196,1.612,0.418,2.185c0.23,0.592,0.538,1.094,1.038,1.594c0.5,0.5,1.002,0.808,1.594,1.038 c0.572,0.222,1.227,0.375,2.185,0.418C9.249,20.99,9.556,21,12,21s2.751-0.01,3.711-0.054c0.958-0.044,1.612-0.196,2.185-0.418 c0.592-0.23,1.094-0.538,1.594-1.038c0.5-0.5,0.808-1.002,1.038-1.594c0.222-0.572,0.375-1.227,0.418-2.185 C20.99,14.751,21,14.444,21,12s-0.01-2.751-0.054-3.711c-0.044-0.958-0.196-1.612-0.418-2.185c-0.23-0.592-0.538-1.094-1.038-1.594 c-0.5-0.5-1.002-0.808-1.594-1.038c-0.572-0.222-1.227-0.375-2.185-0.418C14.751,3.01,14.444,3,12,3L12,3z M12,7.378 c-2.552,0-4.622,2.069-4.622,4.622S9.448,16.622,12,16.622s4.622-2.069,4.622-4.622S14.552,7.378,12,7.378z M12,15 c-1.657,0-3-1.343-3-3s1.343-3,3-3s3,1.343,3,3S13.657,15,12,15z M16.804,6.116c-0.596,0-1.08,0.484-1.08,1.08 s0.484,1.08,1.08,1.08c0.596,0,1.08-0.484,1.08-1.08S17.401,6.116,16.804,6.116z\"><\/path><\/svg><span class=\"wp-block-social-link-label screen-reader-text\">Instagram<\/span><\/a><\/li><\/ul>\n<\/div>\n<\/div>\n<\/div>\n<\/div>\n<\/div>\n<\/div>\n\n\n\n<div class=\"wp-block-columns is-layout-flex wp-container-core-columns-is-layout-28f84493 wp-block-columns-is-layout-flex\">\n<div class=\"wp-block-column collab_background_color is-layout-flow wp-block-column-is-layout-flow\">\n<h2 class=\"wp-block-heading has-text-align-center\"><strong>Col\u00b7laboracions<\/strong><\/h2>\n\n\n\n<style type=\"text\/css\">\r\n.hmls-slide-wrapper {\r\n    background-color: #f1eded;\r\n    border-radius: 0px;\r\n    padding: 0px 0px 0px 0px;\r\n    border: 0px solid #f1eded;\r\n}\r\n.hmls-slide-wrapper .hmls-view-slide .slick-prev,\r\n.hmls-slide-wrapper .hmls-view-slide .slick-next {\r\n\ttop: 50px;\r\n}\r\n.hmls-slide-wrapper .hmls-view-slide .splide__slide {\r\n\theight: 100px;\r\n    border: 0px solid #f1eded;\r\n    background-color: #FFFFFF;\r\n    border-radius: 0px;\r\n    width: 150px;\r\n}\r\n\r\n.hmls-slide-wrapper .hmls-view-slide .slick-slide {\r\n\tmargin: 0 0px;\r\n}\r\n.splide__slide.is-active {\r\n    background: ;\r\n    border-color: ;\r\n}\r\n\r\n.splide__progress__bar {\r\n    height: px;\r\n    background-color: ;\r\n}\r\n\r\n\t.splide__slide a img {\r\n\t\tright: -50%;\r\n\t\ttransform: translate(-50%, -50%);\r\n\t}\r\n\t<\/style><div class=\"hmls-slide-wrapper\">\r\n\r\n    <div class=\"hmls-view-slide\" >\r\n                    <div class=\"splide__slide hmls-tooltip\">\r\n                            <a href=\"http:\/\/www.bumamabu.com\" target=\"_blank\">\r\n                <img loading=\"lazy\" decoding=\"async\" width=\"500\" height=\"500\" src=\"https:\/\/maresdedia.cat\/wp-content\/uploads\/2023\/09\/Logo_BUMAMABU.png\" class=\"attachment-post-thumbnail size-post-thumbnail wp-post-image\" alt=\"\" srcset=\"https:\/\/maresdedia.cat\/wp-content\/uploads\/2023\/09\/Logo_BUMAMABU.png 500w, https:\/\/maresdedia.cat\/wp-content\/uploads\/2023\/09\/Logo_BUMAMABU-300x300.png 300w, https:\/\/maresdedia.cat\/wp-content\/uploads\/2023\/09\/Logo_BUMAMABU-150x150.png 150w, https:\/\/maresdedia.cat\/wp-content\/uploads\/2023\/09\/Logo_BUMAMABU-12x12.png 12w\" sizes=\"auto, 100vw\" \/>                <\/a>\r\n            <\/div>\r\n                <\/div>\r\n\r\n<\/div>\r\n\r\n\r\n\r\n\t\r\n\n<\/div>\n<\/div>\n\n\n\n<div class=\"wp-block-cover alignfull is-light is-position-center-center wp-duotone-unset-1\" style=\"min-height:375px;aspect-ratio:unset;\" id=\"contact\"><span aria-hidden=\"true\" class=\"wp-block-cover__background has-black-background-color has-background-dim-0 has-background-dim\"><\/span><img loading=\"lazy\" decoding=\"async\" width=\"1024\" height=\"683\" class=\"wp-block-cover__image-background wp-image-64\" alt=\"\" src=\"https:\/\/labs2.maresdedia.cat\/wp-content\/uploads\/2023\/03\/fons_generic.png\" data-object-fit=\"cover\" srcset=\"https:\/\/maresdedia.cat\/wp-content\/uploads\/2023\/03\/fons_generic.png 1024w, https:\/\/maresdedia.cat\/wp-content\/uploads\/2023\/03\/fons_generic-300x200.png 300w, https:\/\/maresdedia.cat\/wp-content\/uploads\/2023\/03\/fons_generic-768x512.png 768w, https:\/\/maresdedia.cat\/wp-content\/uploads\/2023\/03\/fons_generic-18x12.png 18w\" sizes=\"auto, (max-width: 1024px) 100vw, 1024px\" \/><div class=\"wp-block-cover__inner-container is-layout-flow wp-block-cover-is-layout-flow\">\n<div class=\"wp-block-columns alignwide is-layout-flex wp-container-core-columns-is-layout-28f84493 wp-block-columns-is-layout-flex\">\n<div class=\"wp-block-column is-vertically-aligned-center is-layout-flow wp-block-column-is-layout-flow\">\n<h1 class=\"wp-block-heading has-white-color has-text-color\">Estem en contacte<\/h1>\n\n\n\n<p id=\"link_contact\" style=\"font-size:22px\"><i class=\"fas fa-map-marker-alt\" style=\"font-size:34px;color:#fff;\"><\/i>&nbsp;<a href=\"https:\/\/mapa.maresdedia.cat\/\" target=\"_blank\" style=\"color:#fff;text-decoration:none;\" rel=\"noopener\">Troba&#8217;ns per tot el territori<\/a><\/p>\n<\/div>\n\n\n\n<div class=\"wp-block-column is-vertically-aligned-center is-layout-flow wp-block-column-is-layout-flow\"><div class=\"wpforms-container wpforms-container-full wpforms-block wpforms-block-439f8aa7-50f7-4b7f-9c1a-034ad0d2cf83 mdd-form-block\" id=\"wpforms-289\"><form id=\"wpforms-form-289\" class=\"wpforms-validate wpforms-form wpforms-ajax-form\" data-formid=\"289\" method=\"post\" enctype=\"multipart\/form-data\" action=\"\/ca\/wp-json\/wp\/v2\/pages\/13\" data-token=\"6a2aebc0700fa3e4a1e0edda50e4a84f\"><div class=\"wpforms-head-container\"><div class=\"wpforms-title\">Contacta amb nosaltres<\/div><\/div><noscript class=\"wpforms-error-noscript\">Activeu el JavaScript al navegador per a poder completar el formulari.<\/noscript><div class=\"wpforms-field-container\"><div id=\"wpforms-289-field_0-container\" class=\"wpforms-field wpforms-field-name wpforms-one-half wpforms-first\" data-field-id=\"0\"><label class=\"wpforms-field-label wpforms-label-hide\" for=\"wpforms-289-field_0\">Nom <span class=\"wpforms-required-label\">*<\/span><\/label><input type=\"text\" id=\"wpforms-289-field_0\" class=\"wpforms-field-large wpforms-field-required\" name=\"wpforms[fields][0]\" placeholder=\"Nom\" required><\/div><div id=\"wpforms-289-field_1-container\" class=\"wpforms-field wpforms-field-email wpforms-one-half\" data-field-id=\"1\"><label class=\"wpforms-field-label wpforms-label-hide\" for=\"wpforms-289-field_1\">Correu electr\u00f2nic <span class=\"wpforms-required-label\">*<\/span><\/label><input type=\"email\" id=\"wpforms-289-field_1\" class=\"wpforms-field-large wpforms-field-required\" name=\"wpforms[fields][1]\" placeholder=\"Correu electr\u00f2nic\" spellcheck=\"false\" required><\/div><div id=\"wpforms-289-field_4-container\" class=\"wpforms-field wpforms-field-select wpforms-field-select-style-classic\" data-field-id=\"4\"><label class=\"wpforms-field-label wpforms-label-hide\" for=\"wpforms-289-field_4\">Delegaci\u00f3 <span class=\"wpforms-required-label\">*<\/span><\/label><select id=\"wpforms-289-field_4\" class=\"wpforms-field-large wpforms-field-required\" name=\"wpforms[fields][4]\" required=\"required\"><option value=\"\" class=\"placeholder\" disabled  selected='selected'>Selecciona Delegaci\u00f3<\/option><option value=\"Andalusia\" >Andalusia<\/option><option value=\"Arag\u00f3\" >Arag\u00f3<\/option><option value=\"Balears\" >Balears<\/option><option value=\"Can\u00e0ries\" >Can\u00e0ries<\/option><option value=\"Catalunya\" >Catalunya<\/option><option value=\"Madrid\" >Madrid<\/option><option value=\"Val\u00e8ncia\" >Val\u00e8ncia<\/option><option value=\"General\" >General<\/option><\/select><div class=\"wpforms-field-description\">Selecciona la delegaci\u00f3 de la comunitat aut\u00f2noma on est\u00e0s interessada. Si no surt llistada, selecciona delegaci\u00f3 general<\/div><\/div><div id=\"wpforms-289-field_3-container\" class=\"wpforms-field wpforms-field-text\" data-field-id=\"3\"><label class=\"wpforms-field-label wpforms-label-hide\" for=\"wpforms-289-field_3\">Titol <span class=\"wpforms-required-label\">*<\/span><\/label><input type=\"text\" id=\"wpforms-289-field_3\" class=\"wpforms-field-large wpforms-field-required\" name=\"wpforms[fields][3]\" placeholder=\"Titol\" required><\/div><div id=\"wpforms-289-field_2-container\" class=\"wpforms-field wpforms-field-textarea\" data-field-id=\"2\"><label class=\"wpforms-field-label wpforms-label-hide\" for=\"wpforms-289-field_2\">Missatge <span class=\"wpforms-required-label\">*<\/span><\/label><textarea id=\"wpforms-289-field_2\" class=\"wpforms-field-medium wpforms-field-required\" name=\"wpforms[fields][2]\" placeholder=\"El teu missatge\" required><\/textarea><\/div><\/div><!-- .wpforms-field-container --><div class=\"wpforms-recaptcha-container wpforms-is-recaptcha wpforms-is-recaptcha-type-v2\" ><div class=\"g-recaptcha\" data-sitekey=\"6Ld2Y0spAAAAANzPzT4J_lb7ev0qUWMzOPoGd6Mx\"><\/div><input type=\"text\" name=\"g-recaptcha-hidden\" class=\"wpforms-recaptcha-hidden\" style=\"position:absolute!important;clip:rect(0,0,0,0)!important;height:1px!important;width:1px!important;border:0!important;overflow:hidden!important;padding:0!important;margin:0!important;\" data-rule-recaptcha=\"1\"><\/div><div class=\"wpforms-submit-container\" ><input type=\"hidden\" name=\"wpforms[id]\" value=\"289\"><input type=\"hidden\" name=\"wpforms[author]\" value=\"1\"><button type=\"submit\" name=\"wpforms[submit]\" id=\"wpforms-submit-289\" class=\"wpforms-submit mdd-btn-form-block\" data-alt-text=\"Enviant...\" data-submit-text=\"Envia\" aria-live=\"assertive\" value=\"wpforms-submit\">Envia<\/button><img loading=\"lazy\" decoding=\"async\" src=\"https:\/\/maresdedia.cat\/wp-content\/plugins\/wpforms-lite\/assets\/images\/submit-spin.svg\" class=\"wpforms-submit-spinner\" style=\"display: none;\" width=\"26\" height=\"26\" alt=\"S&#039;est\u00e0 carregant\"><\/div><\/form><\/div>  <!-- .wpforms-container --><\/div>\n<\/div>\n<\/div><\/div>\n","protected":false},"excerpt":{"rendered":"<p>Mares de dia SCCL som una cooperativa de treball associat que neix a Catalunya per\u00f2 sempre a obert les portes a tots els mares i pares de dia d&#8217;altres comunitats. El nostre objectiu \u00e9s crear una base de suport laboral i legal a totes aquelles professionals que es dediquin a la cura de petits grups &hellip; <\/p>\n<p class=\"link-more\"><a href=\"https:\/\/maresdedia.cat\/ca\/hmls_logo\/colaboracions\/\" class=\"more-link\">Read more<span class=\"screen-reader-text\"> &#8220;Bumamabu&#8221;<\/span><\/a><\/p>\n","protected":false},"author":1,"featured_media":88,"parent":0,"menu_order":0,"comment_status":"closed","ping_status":"closed","template":"","meta":{"footnotes":""},"class_list":["post-13","page","type-page","status-publish","has-post-thumbnail","hentry"],"_links":{"self":[{"href":"https:\/\/maresdedia.cat\/ca\/wp-json\/wp\/v2\/pages\/13","targetHints":{"allow":["GET"]}}],"collection":[{"href":"https:\/\/maresdedia.cat\/ca\/wp-json\/wp\/v2\/pages"}],"about":[{"href":"https:\/\/maresdedia.cat\/ca\/wp-json\/wp\/v2\/types\/page"}],"author":[{"embeddable":true,"href":"https:\/\/maresdedia.cat\/ca\/wp-json\/wp\/v2\/users\/1"}],"replies":[{"embeddable":true,"href":"https:\/\/maresdedia.cat\/ca\/wp-json\/wp\/v2\/comments?post=13"}],"version-history":[{"count":146,"href":"https:\/\/maresdedia.cat\/ca\/wp-json\/wp\/v2\/pages\/13\/revisions"}],"predecessor-version":[{"id":828,"href":"https:\/\/maresdedia.cat\/ca\/wp-json\/wp\/v2\/pages\/13\/revisions\/828"}],"wp:featuredmedia":[{"embeddable":true,"href":"https:\/\/maresdedia.cat\/ca\/wp-json\/wp\/v2\/media\/88"}],"wp:attachment":[{"href":"https:\/\/maresdedia.cat\/ca\/wp-json\/wp\/v2\/media?parent=13"}],"curies":[{"name":"wp","href":"https:\/\/api.w.org\/{rel}","templated":true}]}}